{"id":106375,"date":"2024-07-25T17:44:07","date_gmt":"2024-07-25T15:44:07","guid":{"rendered":"https:\/\/histoirepourenfant.com\/fr\/?page_id=106375"},"modified":"2024-07-25T18:48:32","modified_gmt":"2024-07-25T16:48:32","slug":"eveiller-la-passion-de-la-lecture-chez-votre-enfant","status":"publish","type":"page","link":"https:\/\/histoirepourenfant.com\/fr\/eveiller-la-passion-de-la-lecture-chez-votre-enfant\/","title":{"rendered":"Eveiller la passion de la lecture chez votre enfant"},"content":{"rendered":"<p>[et_pb_section fb_built=\u00a0\u00bb1&Prime; disabled_on=\u00a0\u00bboff|off|off\u00a0\u00bb admin_label=\u00a0\u00bbbandeau\u00a0\u00bb _builder_version=\u00a0\u00bb4.21.0&Prime; _module_preset=\u00a0\u00bbdefault\u00a0\u00bb background_color=\u00a0\u00bbRGBA(255,255,255,0)\u00a0\u00bb background_image=\u00a0\u00bbhttps:\/\/histoirepourenfant.com\/fr\/wp-content\/uploads\/2024\/07\/Head-visuel-seo01.jpg\u00a0\u00bb custom_margin=\u00a0\u00bb0px||0px||true|false\u00a0\u00bb custom_padding=\u00a0\u00bb0px||0px||true|false\u00a0\u00bb top_divider_style=\u00a0\u00bbwaves2&Prime; top_divider_color=\u00a0\u00bb#dd8d2e\u00a0\u00bb top_divider_height=\u00a0\u00bb35px\u00a0\u00bb bottom_divider_style=\u00a0\u00bbwaves2&Prime; bottom_divider_color=\u00a0\u00bb#f4c995&Prime; bottom_divider_height=\u00a0\u00bb50px\u00a0\u00bb border_style_all=\u00a0\u00bbnone\u00a0\u00bb collapsed=\u00a0\u00bbon\u00a0\u00bb global_colors_info=\u00a0\u00bb{}\u00a0\u00bb][et_pb_row _builder_version=\u00a0\u00bb4.21.0&Prime; _module_preset=\u00a0\u00bbdefault\u00a0\u00bb background_enable_image=\u00a0\u00bboff\u00a0\u00bb width=\u00a0\u00bb100%\u00a0\u00bb max_width=\u00a0\u00bb100%\u00a0\u00bb min_height=\u00a0\u00bb500px\u00a0\u00bb custom_margin=\u00a0\u00bb0px||0px||true|false\u00a0\u00bb custom_padding=\u00a0\u00bb0px||0px||true|false\u00a0\u00bb global_colors_info=\u00a0\u00bb{}\u00a0\u00bb][et_pb_column type=\u00a0\u00bb4_4&Prime; _builder_version=\u00a0\u00bb4.21.0&Prime; _module_preset=\u00a0\u00bbdefault\u00a0\u00bb global_colors_info=\u00a0\u00bb{}\u00a0\u00bb][et_pb_text _builder_version=\u00a0\u00bb4.21.0&Prime; _module_preset=\u00a0\u00bbdefault\u00a0\u00bb custom_margin=\u00a0\u00bb50px||||false|false\u00a0\u00bb global_colors_info=\u00a0\u00bb{}\u00a0\u00bb][\/et_pb_text][\/et_pb_column][\/et_pb_row][\/et_pb_section][et_pb_section fb_built=\u00a0\u00bb1&Prime; disabled_on=\u00a0\u00bboff|off|off\u00a0\u00bb admin_label=\u00a0\u00bbintro\u00a0\u00bb _builder_version=\u00a0\u00bb4.21.0&Prime; _module_preset=\u00a0\u00bbdefault\u00a0\u00bb background_color=\u00a0\u00bbRGBA(255,255,255,0)\u00a0\u00bb use_background_color_gradient=\u00a0\u00bbon\u00a0\u00bb background_color_gradient_stops=\u00a0\u00bb#f4c995 0%|#f4b970 100%\u00a0\u00bb background_enable_image=\u00a0\u00bboff\u00a0\u00bb background_blend=\u00a0\u00bbdarken\u00a0\u00bb custom_margin=\u00a0\u00bb0px||||false|false\u00a0\u00bb custom_padding=\u00a0\u00bb0px||||false|false\u00a0\u00bb top_divider_style=\u00a0\u00bbwaves2&Prime; top_divider_color=\u00a0\u00bbRGBA(255,255,255,0)\u00a0\u00bb top_divider_height=\u00a0\u00bb35px\u00a0\u00bb bottom_divider_style=\u00a0\u00bbwaves2&Prime; bottom_divider_color=\u00a0\u00bb#f8e2c8&Prime; bottom_divider_height=\u00a0\u00bb50px\u00a0\u00bb border_style_all=\u00a0\u00bbnone\u00a0\u00bb collapsed=\u00a0\u00bboff\u00a0\u00bb global_colors_info=\u00a0\u00bb{}\u00a0\u00bb][et_pb_row column_structure=\u00a0\u00bb2_5,3_5&Prime; make_equal=\u00a0\u00bbon\u00a0\u00bb _builder_version=\u00a0\u00bb4.21.0&Prime; _module_preset=\u00a0\u00bbdefault\u00a0\u00bb custom_margin=\u00a0\u00bb||||false|false\u00a0\u00bb custom_padding=\u00a0\u00bb50px||70px||false|false\u00a0\u00bb animation_style=\u00a0\u00bbfade\u00a0\u00bb global_colors_info=\u00a0\u00bb{}\u00a0\u00bb][et_pb_column type=\u00a0\u00bb2_5&Prime; _builder_version=\u00a0\u00bb4.21.0&Prime; _module_preset=\u00a0\u00bbdefault\u00a0\u00bb global_colors_info=\u00a0\u00bb{}\u00a0\u00bb][et_pb_image src=\u00a0\u00bbhttps:\/\/histoirepourenfant.com\/fr\/wp-content\/uploads\/2024\/06\/tablette2024.png\u00a0\u00bb align=\u00a0\u00bbcenter\u00a0\u00bb _builder_version=\u00a0\u00bb4.21.0&Prime; _module_preset=\u00a0\u00bbdefault\u00a0\u00bb custom_margin=\u00a0\u00bb30px||||false|false\u00a0\u00bb global_colors_info=\u00a0\u00bb{}\u00a0\u00bb][\/et_pb_image][\/et_pb_column][et_pb_column type=\u00a0\u00bb3_5&Prime; _builder_version=\u00a0\u00bb4.21.0&Prime; _module_preset=\u00a0\u00bbdefault\u00a0\u00bb custom_css_main_element=\u00a0\u00bbmargin:auto;\u00a0\u00bb global_colors_info=\u00a0\u00bb{}\u00a0\u00bb][et_pb_text admin_label=\u00a0\u00bbtitre\u00a0\u00bb _builder_version=\u00a0\u00bb4.21.0&Prime; _module_preset=\u00a0\u00bbdefault\u00a0\u00bb text_font=\u00a0\u00bbFira Sans|700|||||||\u00a0\u00bb text_text_color=\u00a0\u00bb#333333&Prime; text_font_size=\u00a0\u00bb40px\u00a0\u00bb text_line_height=\u00a0\u00bb1.4em\u00a0\u00bb text_font_size_tablet=\u00a0\u00bb40px\u00a0\u00bb text_font_size_phone=\u00a0\u00bb30px\u00a0\u00bb text_font_size_last_edited=\u00a0\u00bbon|phone\u00a0\u00bb global_colors_info=\u00a0\u00bb{}\u00a0\u00bb]<\/p>\n<p>Eveiller la passion de la lecture chez votre enfant<\/p>\n<p>[\/et_pb_text][et_pb_text admin_label=\u00a0\u00bbintro\u00a0\u00bb _builder_version=\u00a0\u00bb4.21.0&Prime; _module_preset=\u00a0\u00bbdefault\u00a0\u00bb text_font=\u00a0\u00bbRaleway||||||||\u00a0\u00bb background_enable_color=\u00a0\u00bboff\u00a0\u00bb custom_margin=\u00a0\u00bb||||false|false\u00a0\u00bb custom_padding=\u00a0\u00bb|||20px|false|false\u00a0\u00bb animation_direction=\u00a0\u00bbright\u00a0\u00bb border_color_all=\u00a0\u00bbRGBA(255,255,255,0)\u00a0\u00bb border_color_bottom=\u00a0\u00bb#f78300&Prime; border_width_left=\u00a0\u00bb5px\u00a0\u00bb border_color_left=\u00a0\u00bb#f78300&Prime; global_colors_info=\u00a0\u00bb{}\u00a0\u00bb]<\/p>\n<p>En suivant nos conseils, il n&rsquo;y a plus d&rsquo;excuse pour ne pas s&rsquo;offrir plus de temps livre en famille. La lecture devient un moment de partage, renfor\u00e7ant les liens familiaux et cr\u00e9ant des souvenirs durables.<\/p>\n<p>[\/et_pb_text][et_pb_image src=\u00a0\u00bbhttps:\/\/histoirepourenfant.com\/fr\/wp-content\/uploads\/2024\/05\/chats01-768.jpg\u00a0\u00bb align=\u00a0\u00bbcenter\u00a0\u00bb _builder_version=\u00a0\u00bb4.21.0&Prime; _module_preset=\u00a0\u00bbdefault\u00a0\u00bb custom_margin=\u00a0\u00bb30px||||false|false\u00a0\u00bb hover_enabled=\u00a0\u00bb0&Prime; global_colors_info=\u00a0\u00bb{}\u00a0\u00bb sticky_enabled=\u00a0\u00bb0&Prime;][\/et_pb_image][et_pb_text _builder_version=\u00a0\u00bb4.21.0&Prime; _module_preset=\u00a0\u00bbdefault\u00a0\u00bb header_4_font_size=\u00a0\u00bb22px\u00a0\u00bb header_4_line_height=\u00a0\u00bb1.4em\u00a0\u00bb global_colors_info=\u00a0\u00bb{}\u00a0\u00bb]<\/p>\n<h4><strong>Impliquez-le dans l&rsquo;Aventure<\/strong><\/h4>\n<p>La lecture ne doit pas \u00eatre une activit\u00e9 s\u00e9rieuse. Transformez-la en une aventure partag\u00e9e en lisant ensemble. Posez des questions pour stimuler leur imagination. Cr\u00e9ez un environnement o\u00f9 chaque page est une nouvelle d\u00e9couverte et o\u00f9 les r\u00e9cits prennent vie. La lecture devient ainsi un moment interactif, favorisant la complicit\u00e9 parent-enfant.<\/p>\n<h4><strong>Laissez-le choisir ses histoires<\/strong><\/h4>\n<p>Encouragez votre enfant \u00e0 lire en le laissant choisir librement ses propres histoires. Cr\u00e9ez une biblioth\u00e8que diversifi\u00e9e, regorgeant de r\u00e9cits sur les loups, pirates, danseuses, pompiers, et bien d&rsquo;autres. Chaque jour devient ainsi une nouvelle opportunit\u00e9 d&rsquo;exploration et de d\u00e9couverte, stimulant la curiosit\u00e9 de votre petit lecteur et l&rsquo;impliquant davantage dans l&rsquo;histoire.<\/p>\n<h4><strong>Adaptez le r\u00e9cit \u00e0 son \u00e2ge<\/strong><\/h4>\n<p>Votre mini-explorateur est \u00e2g\u00e9 de 6 \u00e0 10 ans ? L&rsquo;application \u00ab\u00a0Histoire pour Enfant\u00a0\u00bb de Imaginaflix studio est id\u00e9ale pour cette tranche d&rsquo;\u00e2ge. Elle propose <strong><span style=\"color: #993300;\"><a style=\"color: #993300;\" href=\"https:\/\/histoirepourenfant.com\/fr\/le-catalogue\/\">un large choix d&rsquo;histoires superbement illustr\u00e9es<\/a><\/span><\/strong>, captivantes et adapt\u00e9es \u00e0 leur niveau de compr\u00e9hension. Plongez dans des aventures fantastiques, des enqu\u00eates palpitantes et des mondes imaginaires !<\/p>\n<p>[\/et_pb_text][et_pb_button button_url=\u00a0\u00bb@ET-DC@eyJkeW5hbWljIjp0cnVlLCJjb250ZW50IjoicG9zdF9saW5rX3VybF9wYWdlIiwic2V0dGluZ3MiOnsicG9zdF9pZCI6IjEwMzk5OSJ9fQ==@\u00a0\u00bb button_text=\u00a0\u00bbVoir les nouveaut\u00e9s\u00a0\u00bb button_alignment=\u00a0\u00bbcenter\u00a0\u00bb _builder_version=\u00a0\u00bb4.21.0&Prime; _dynamic_attributes=\u00a0\u00bbbutton_url\u00a0\u00bb _module_preset=\u00a0\u00bbdefault\u00a0\u00bb custom_button=\u00a0\u00bbon\u00a0\u00bb button_text_size=\u00a0\u00bb16px\u00a0\u00bb button_text_color=\u00a0\u00bb#FFFFFF\u00a0\u00bb button_bg_color=\u00a0\u00bb#f78300&Prime; button_border_color=\u00a0\u00bb#f8e2c8&Prime; button_border_radius=\u00a0\u00bb25px\u00a0\u00bb button_font=\u00a0\u00bb|700|||||||\u00a0\u00bb custom_margin=\u00a0\u00bb||||false|false\u00a0\u00bb custom_padding=\u00a0\u00bb||||false|false\u00a0\u00bb animation_style=\u00a0\u00bbslide\u00a0\u00bb animation_direction=\u00a0\u00bbbottom\u00a0\u00bb animation_duration=\u00a0\u00bb1450ms\u00a0\u00bb global_colors_info=\u00a0\u00bb{}\u00a0\u00bb][\/et_pb_button][\/et_pb_column][\/et_pb_row][\/et_pb_section][et_pb_section fb_built=\u00a0\u00bb1&Prime; disabled_on=\u00a0\u00bboff|off|off\u00a0\u00bb admin_label=\u00a0\u00bbA DL\u00a0\u00bb _builder_version=\u00a0\u00bb4.21.0&Prime; _module_preset=\u00a0\u00bbdefault\u00a0\u00bb background_color=\u00a0\u00bb#f8e2c8&Prime; background_enable_image=\u00a0\u00bboff\u00a0\u00bb background_blend=\u00a0\u00bbdarken\u00a0\u00bb custom_margin=\u00a0\u00bb0px||0px||true|false\u00a0\u00bb custom_padding=\u00a0\u00bb10px||10px||true|false\u00a0\u00bb top_divider_color=\u00a0\u00bbRGBA(255,255,255,0)\u00a0\u00bb top_divider_height=\u00a0\u00bb35px\u00a0\u00bb bottom_divider_color=\u00a0\u00bb#010c25&Prime; bottom_divider_height=\u00a0\u00bb50px\u00a0\u00bb border_style_all=\u00a0\u00bbnone\u00a0\u00bb collapsed=\u00a0\u00bboff\u00a0\u00bb global_colors_info=\u00a0\u00bb{}\u00a0\u00bb][et_pb_row column_structure=\u00a0\u00bb1_4,1_2,1_4&Prime; make_equal=\u00a0\u00bbon\u00a0\u00bb _builder_version=\u00a0\u00bb4.21.0&Prime; _module_preset=\u00a0\u00bbdefault\u00a0\u00bb custom_margin=\u00a0\u00bb||||false|false\u00a0\u00bb custom_padding=\u00a0\u00bb40px||40px||true|false\u00a0\u00bb global_colors_info=\u00a0\u00bb{}\u00a0\u00bb][et_pb_column type=\u00a0\u00bb1_4&Prime; _builder_version=\u00a0\u00bb4.21.0&Prime; _module_preset=\u00a0\u00bbdefault\u00a0\u00bb custom_padding=\u00a0\u00bb||||false|false\u00a0\u00bb animation_style=\u00a0\u00bbfade\u00a0\u00bb animation_duration=\u00a0\u00bb1800ms\u00a0\u00bb custom_css_main_element=\u00a0\u00bbmargin:auto;\u00a0\u00bb global_colors_info=\u00a0\u00bb{}\u00a0\u00bb][\/et_pb_column][et_pb_column type=\u00a0\u00bb1_2&Prime; _builder_version=\u00a0\u00bb4.21.0&Prime; _module_preset=\u00a0\u00bbdefault\u00a0\u00bb custom_padding=\u00a0\u00bb||||false|false\u00a0\u00bb animation_style=\u00a0\u00bbfade\u00a0\u00bb custom_css_main_element=\u00a0\u00bbmargin: auto;\u00a0\u00bb global_colors_info=\u00a0\u00bb{}\u00a0\u00bb][et_pb_text disabled_on=\u00a0\u00bboff|off|off\u00a0\u00bb _builder_version=\u00a0\u00bb4.21.0&Prime; _module_preset=\u00a0\u00bbdefault\u00a0\u00bb text_font=\u00a0\u00bbFira Sans|800|||||||\u00a0\u00bb text_text_color=\u00a0\u00bb#f78300&Prime; text_font_size=\u00a0\u00bb30px\u00a0\u00bb text_line_height=\u00a0\u00bb1.4em\u00a0\u00bb text_font_size_tablet=\u00a0\u00bb30px\u00a0\u00bb text_font_size_phone=\u00a0\u00bb30px\u00a0\u00bb text_font_size_last_edited=\u00a0\u00bbon|desktop\u00a0\u00bb global_colors_info=\u00a0\u00bb{}\u00a0\u00bb]<\/p>\n<p style=\"text-align: center;\">Application \u00e0 t\u00e9l\u00e9charger<br \/><span style=\"color: #ff0000;\">gratuitement<\/span><br \/>sur votre tablette<\/p>\n<p>[\/et_pb_text][\/et_pb_column][et_pb_column type=\u00a0\u00bb1_4&Prime; _builder_version=\u00a0\u00bb4.21.0&Prime; _module_preset=\u00a0\u00bbdefault\u00a0\u00bb custom_padding=\u00a0\u00bb||||false|false\u00a0\u00bb animation_style=\u00a0\u00bbfade\u00a0\u00bb custom_css_main_element=\u00a0\u00bbmargin: auto;\u00a0\u00bb global_colors_info=\u00a0\u00bb{}\u00a0\u00bb][\/et_pb_column][\/et_pb_row][et_pb_row column_structure=\u00a0\u00bb1_4,1_4,1_4,1_4&Prime; _builder_version=\u00a0\u00bb4.21.0&Prime; _module_preset=\u00a0\u00bbdefault\u00a0\u00bb custom_margin=\u00a0\u00bb0px||||false|false\u00a0\u00bb custom_padding=\u00a0\u00bb0px||||false|false\u00a0\u00bb global_colors_info=\u00a0\u00bb{}\u00a0\u00bb][et_pb_column type=\u00a0\u00bb1_4&Prime; _builder_version=\u00a0\u00bb4.21.0&Prime; _module_preset=\u00a0\u00bbdefault\u00a0\u00bb global_colors_info=\u00a0\u00bb{}\u00a0\u00bb][\/et_pb_column][et_pb_column type=\u00a0\u00bb1_4&Prime; _builder_version=\u00a0\u00bb4.21.0&Prime; _module_preset=\u00a0\u00bbdefault\u00a0\u00bb global_colors_info=\u00a0\u00bb{}\u00a0\u00bb][et_pb_image src=\u00a0\u00bbhttps:\/\/histoirepourenfant.com\/fr\/wp-content\/uploads\/2024\/06\/pic-google-plays.png\u00a0\u00bb url=\u00a0\u00bbhttps:\/\/play.google.com\/store\/apps\/details?id=apphistoirepourenfantfr.wpapp\u00a0\u00bb url_new_window=\u00a0\u00bbon\u00a0\u00bb align=\u00a0\u00bbcenter\u00a0\u00bb _builder_version=\u00a0\u00bb4.21.0&Prime; _module_preset=\u00a0\u00bbdefault\u00a0\u00bb animation_direction=\u00a0\u00bbright\u00a0\u00bb global_colors_info=\u00a0\u00bb{}\u00a0\u00bb filter_brightness__hover_enabled=\u00a0\u00bbon|hover\u00a0\u00bb filter_brightness__hover=\u00a0\u00bb150%\u00a0\u00bb filter_hue_rotate__hover_enabled=\u00a0\u00bboff|desktop\u00a0\u00bb transform_styles__hover_enabled=\u00a0\u00bbon|hover\u00a0\u00bb transform_scale__hover_enabled=\u00a0\u00bbon|hover\u00a0\u00bb transform_translate__hover_enabled=\u00a0\u00bbon|desktop\u00a0\u00bb transform_rotate__hover_enabled=\u00a0\u00bbon|desktop\u00a0\u00bb transform_skew__hover_enabled=\u00a0\u00bbon|desktop\u00a0\u00bb transform_origin__hover_enabled=\u00a0\u00bbon|desktop\u00a0\u00bb transform_scale__hover=\u00a0\u00bb110%|110%\u00a0\u00bb][\/et_pb_image][\/et_pb_column][et_pb_column type=\u00a0\u00bb1_4&Prime; _builder_version=\u00a0\u00bb4.21.0&Prime; _module_preset=\u00a0\u00bbdefault\u00a0\u00bb global_colors_info=\u00a0\u00bb{}\u00a0\u00bb][et_pb_image src=\u00a0\u00bbhttps:\/\/histoirepourenfant.com\/fr\/wp-content\/uploads\/2024\/06\/pic-appstore.png\u00a0\u00bb url=\u00a0\u00bbhttps:\/\/apps.apple.com\/fr\/app\/imaginaflix\/id6477151553?platform=ipad\u00a0\u00bb url_new_window=\u00a0\u00bbon\u00a0\u00bb align=\u00a0\u00bbcenter\u00a0\u00bb _builder_version=\u00a0\u00bb4.21.0&Prime; _module_preset=\u00a0\u00bbdefault\u00a0\u00bb animation_direction=\u00a0\u00bbright\u00a0\u00bb global_colors_info=\u00a0\u00bb{}\u00a0\u00bb filter_brightness__hover_enabled=\u00a0\u00bbon|hover\u00a0\u00bb filter_brightness__hover=\u00a0\u00bb150%\u00a0\u00bb filter_hue_rotate__hover_enabled=\u00a0\u00bboff|desktop\u00a0\u00bb transform_styles__hover_enabled=\u00a0\u00bbon|hover\u00a0\u00bb transform_scale__hover_enabled=\u00a0\u00bbon|hover\u00a0\u00bb transform_translate__hover_enabled=\u00a0\u00bbon|desktop\u00a0\u00bb transform_rotate__hover_enabled=\u00a0\u00bbon|desktop\u00a0\u00bb transform_skew__hover_enabled=\u00a0\u00bbon|desktop\u00a0\u00bb transform_origin__hover_enabled=\u00a0\u00bbon|desktop\u00a0\u00bb transform_scale__hover=\u00a0\u00bb110%|110%\u00a0\u00bb][\/et_pb_image][\/et_pb_column][et_pb_column type=\u00a0\u00bb1_4&Prime; _builder_version=\u00a0\u00bb4.21.0&Prime; _module_preset=\u00a0\u00bbdefault\u00a0\u00bb global_colors_info=\u00a0\u00bb{}\u00a0\u00bb][\/et_pb_column][\/et_pb_row][\/et_pb_section]<\/p>\n","protected":false},"excerpt":{"rendered":"<p>Eveiller la passion de la lecture chez votre enfantEn suivant nos conseils, il n&rsquo;y a plus d&rsquo;excuse pour ne pas s&rsquo;offrir plus de temps livre en famille. La lecture devient un moment de partage, renfor\u00e7ant les liens familiaux et cr\u00e9ant des souvenirs durables.Impliquez-le dans l&rsquo;Aventure La lecture ne doit pas \u00eatre une activit\u00e9 s\u00e9rieuse. Transformez-la [&hellip;]<\/p>\n","protected":false},"author":1,"featured_media":0,"parent":0,"menu_order":0,"comment_status":"closed","ping_status":"closed","template":"","meta":{"_et_pb_use_builder":"on","_et_pb_old_content":"","_et_gb_content_width":"","footnotes":""},"class_list":["post-106375","page","type-page","status-publish","hentry"],"yoast_head":"<!-- This site is optimized with the Yoast SEO plugin v27.3 - https:\/\/yoast.com\/product\/yoast-seo-wordpress\/ -->\n<title>Eveiller la passion de la lecture chez votre enfant - Histoire pour Enfant<\/title>\n<meta name=\"description\" content=\"Avec les livres d&#039;Imaginaflix, la lecture devient un moment de partage, renfor\u00e7ant les liens familiaux et cr\u00e9ant des souvenirs durables.\" \/>\n<meta name=\"robots\" content=\"index, follow, max-snippet:-1, max-image-preview:large, max-video-preview:-1\" \/>\n<link rel=\"canonical\" href=\"https:\/\/histoirepourenfant.com\/fr\/eveiller-la-passion-de-la-lecture-chez-votre-enfant\/\" \/>\n<meta property=\"og:locale\" content=\"fr_FR\" \/>\n<meta property=\"og:type\" content=\"article\" \/>\n<meta property=\"og:title\" content=\"Eveiller la passion de la lecture chez votre enfant - Histoire pour Enfant\" \/>\n<meta property=\"og:description\" content=\"Avec les livres d&#039;Imaginaflix, la lecture devient un moment de partage, renfor\u00e7ant les liens familiaux et cr\u00e9ant des souvenirs durables.\" \/>\n<meta property=\"og:url\" content=\"https:\/\/histoirepourenfant.com\/fr\/eveiller-la-passion-de-la-lecture-chez-votre-enfant\/\" \/>\n<meta property=\"og:site_name\" content=\"Histoire pour Enfant\" \/>\n<meta property=\"article:publisher\" content=\"https:\/\/www.facebook.com\/Imaginaflix\/\" \/>\n<meta property=\"article:modified_time\" content=\"2024-07-25T16:48:32+00:00\" \/>\n<meta property=\"og:image\" content=\"https:\/\/histoirepourenfant.com\/fr\/wp-content\/uploads\/2023\/05\/cropped-ico-papillon.png\" \/>\n\t<meta property=\"og:image:width\" content=\"512\" \/>\n\t<meta property=\"og:image:height\" content=\"512\" \/>\n\t<meta property=\"og:image:type\" content=\"image\/png\" \/>\n<meta name=\"twitter:card\" content=\"summary_large_image\" \/>\n<meta name=\"twitter:label1\" content=\"Dur\u00e9e de lecture estim\u00e9e\" \/>\n\t<meta name=\"twitter:data1\" content=\"2 minutes\" \/>\n<script type=\"application\/ld+json\" class=\"yoast-schema-graph\">{\"@context\":\"https:\\\/\\\/schema.org\",\"@graph\":[{\"@type\":\"WebPage\",\"@id\":\"https:\\\/\\\/histoirepourenfant.com\\\/fr\\\/eveiller-la-passion-de-la-lecture-chez-votre-enfant\\\/\",\"url\":\"https:\\\/\\\/histoirepourenfant.com\\\/fr\\\/eveiller-la-passion-de-la-lecture-chez-votre-enfant\\\/\",\"name\":\"Eveiller la passion de la lecture chez votre enfant - Histoire pour Enfant\",\"isPartOf\":{\"@id\":\"https:\\\/\\\/histoirepourenfant.com\\\/fr\\\/#website\"},\"datePublished\":\"2024-07-25T15:44:07+00:00\",\"dateModified\":\"2024-07-25T16:48:32+00:00\",\"description\":\"Avec les livres d'Imaginaflix, la lecture devient un moment de partage, renfor\u00e7ant les liens familiaux et cr\u00e9ant des souvenirs durables.\",\"breadcrumb\":{\"@id\":\"https:\\\/\\\/histoirepourenfant.com\\\/fr\\\/eveiller-la-passion-de-la-lecture-chez-votre-enfant\\\/#breadcrumb\"},\"inLanguage\":\"fr-FR\",\"potentialAction\":[{\"@type\":\"ReadAction\",\"target\":[\"https:\\\/\\\/histoirepourenfant.com\\\/fr\\\/eveiller-la-passion-de-la-lecture-chez-votre-enfant\\\/\"]}]},{\"@type\":\"BreadcrumbList\",\"@id\":\"https:\\\/\\\/histoirepourenfant.com\\\/fr\\\/eveiller-la-passion-de-la-lecture-chez-votre-enfant\\\/#breadcrumb\",\"itemListElement\":[{\"@type\":\"ListItem\",\"position\":1,\"name\":\"Accueil\",\"item\":\"https:\\\/\\\/histoirepourenfant.com\\\/fr\\\/\"},{\"@type\":\"ListItem\",\"position\":2,\"name\":\"Eveiller la passion de la lecture chez votre enfant\"}]},{\"@type\":\"WebSite\",\"@id\":\"https:\\\/\\\/histoirepourenfant.com\\\/fr\\\/#website\",\"url\":\"https:\\\/\\\/histoirepourenfant.com\\\/fr\\\/\",\"name\":\"Histoire pour Enfant\",\"description\":\"Biblioth\u00e8que num\u00e9rique de livres illustr\u00e9s pour enfant d\u00e8s 6 ans\",\"publisher\":{\"@id\":\"https:\\\/\\\/histoirepourenfant.com\\\/fr\\\/#organization\"},\"potentialAction\":[{\"@type\":\"SearchAction\",\"target\":{\"@type\":\"EntryPoint\",\"urlTemplate\":\"https:\\\/\\\/histoirepourenfant.com\\\/fr\\\/?s={search_term_string}\"},\"query-input\":{\"@type\":\"PropertyValueSpecification\",\"valueRequired\":true,\"valueName\":\"search_term_string\"}}],\"inLanguage\":\"fr-FR\"},{\"@type\":\"Organization\",\"@id\":\"https:\\\/\\\/histoirepourenfant.com\\\/fr\\\/#organization\",\"name\":\"ImaginaFlix Studio\",\"url\":\"https:\\\/\\\/histoirepourenfant.com\\\/fr\\\/\",\"logo\":{\"@type\":\"ImageObject\",\"inLanguage\":\"fr-FR\",\"@id\":\"https:\\\/\\\/histoirepourenfant.com\\\/fr\\\/#\\\/schema\\\/logo\\\/image\\\/\",\"url\":\"https:\\\/\\\/histoirepourenfant.com\\\/fr\\\/wp-content\\\/uploads\\\/2023\\\/05\\\/cropped-ico-papillon.png\",\"contentUrl\":\"https:\\\/\\\/histoirepourenfant.com\\\/fr\\\/wp-content\\\/uploads\\\/2023\\\/05\\\/cropped-ico-papillon.png\",\"width\":512,\"height\":512,\"caption\":\"ImaginaFlix Studio\"},\"image\":{\"@id\":\"https:\\\/\\\/histoirepourenfant.com\\\/fr\\\/#\\\/schema\\\/logo\\\/image\\\/\"},\"sameAs\":[\"https:\\\/\\\/www.facebook.com\\\/Imaginaflix\\\/\",\"https:\\\/\\\/www.instagram.com\\\/imaginaflixstudio\\\/\"]}]}<\/script>\n<!-- \/ Yoast SEO plugin. -->","yoast_head_json":{"title":"Eveiller la passion de la lecture chez votre enfant - Histoire pour Enfant","description":"Avec les livres d'Imaginaflix, la lecture devient un moment de partage, renfor\u00e7ant les liens familiaux et cr\u00e9ant des souvenirs durables.","robots":{"index":"index","follow":"follow","max-snippet":"max-snippet:-1","max-image-preview":"max-image-preview:large","max-video-preview":"max-video-preview:-1"},"canonical":"https:\/\/histoirepourenfant.com\/fr\/eveiller-la-passion-de-la-lecture-chez-votre-enfant\/","og_locale":"fr_FR","og_type":"article","og_title":"Eveiller la passion de la lecture chez votre enfant - Histoire pour Enfant","og_description":"Avec les livres d'Imaginaflix, la lecture devient un moment de partage, renfor\u00e7ant les liens familiaux et cr\u00e9ant des souvenirs durables.","og_url":"https:\/\/histoirepourenfant.com\/fr\/eveiller-la-passion-de-la-lecture-chez-votre-enfant\/","og_site_name":"Histoire pour Enfant","article_publisher":"https:\/\/www.facebook.com\/Imaginaflix\/","article_modified_time":"2024-07-25T16:48:32+00:00","og_image":[{"width":512,"height":512,"url":"https:\/\/histoirepourenfant.com\/fr\/wp-content\/uploads\/2023\/05\/cropped-ico-papillon.png","type":"image\/png"}],"twitter_card":"summary_large_image","twitter_misc":{"Dur\u00e9e de lecture estim\u00e9e":"2 minutes"},"schema":{"@context":"https:\/\/schema.org","@graph":[{"@type":"WebPage","@id":"https:\/\/histoirepourenfant.com\/fr\/eveiller-la-passion-de-la-lecture-chez-votre-enfant\/","url":"https:\/\/histoirepourenfant.com\/fr\/eveiller-la-passion-de-la-lecture-chez-votre-enfant\/","name":"Eveiller la passion de la lecture chez votre enfant - Histoire pour Enfant","isPartOf":{"@id":"https:\/\/histoirepourenfant.com\/fr\/#website"},"datePublished":"2024-07-25T15:44:07+00:00","dateModified":"2024-07-25T16:48:32+00:00","description":"Avec les livres d'Imaginaflix, la lecture devient un moment de partage, renfor\u00e7ant les liens familiaux et cr\u00e9ant des souvenirs durables.","breadcrumb":{"@id":"https:\/\/histoirepourenfant.com\/fr\/eveiller-la-passion-de-la-lecture-chez-votre-enfant\/#breadcrumb"},"inLanguage":"fr-FR","potentialAction":[{"@type":"ReadAction","target":["https:\/\/histoirepourenfant.com\/fr\/eveiller-la-passion-de-la-lecture-chez-votre-enfant\/"]}]},{"@type":"BreadcrumbList","@id":"https:\/\/histoirepourenfant.com\/fr\/eveiller-la-passion-de-la-lecture-chez-votre-enfant\/#breadcrumb","itemListElement":[{"@type":"ListItem","position":1,"name":"Accueil","item":"https:\/\/histoirepourenfant.com\/fr\/"},{"@type":"ListItem","position":2,"name":"Eveiller la passion de la lecture chez votre enfant"}]},{"@type":"WebSite","@id":"https:\/\/histoirepourenfant.com\/fr\/#website","url":"https:\/\/histoirepourenfant.com\/fr\/","name":"Histoire pour Enfant","description":"Biblioth\u00e8que num\u00e9rique de livres illustr\u00e9s pour enfant d\u00e8s 6 ans","publisher":{"@id":"https:\/\/histoirepourenfant.com\/fr\/#organization"},"potentialAction":[{"@type":"SearchAction","target":{"@type":"EntryPoint","urlTemplate":"https:\/\/histoirepourenfant.com\/fr\/?s={search_term_string}"},"query-input":{"@type":"PropertyValueSpecification","valueRequired":true,"valueName":"search_term_string"}}],"inLanguage":"fr-FR"},{"@type":"Organization","@id":"https:\/\/histoirepourenfant.com\/fr\/#organization","name":"ImaginaFlix Studio","url":"https:\/\/histoirepourenfant.com\/fr\/","logo":{"@type":"ImageObject","inLanguage":"fr-FR","@id":"https:\/\/histoirepourenfant.com\/fr\/#\/schema\/logo\/image\/","url":"https:\/\/histoirepourenfant.com\/fr\/wp-content\/uploads\/2023\/05\/cropped-ico-papillon.png","contentUrl":"https:\/\/histoirepourenfant.com\/fr\/wp-content\/uploads\/2023\/05\/cropped-ico-papillon.png","width":512,"height":512,"caption":"ImaginaFlix Studio"},"image":{"@id":"https:\/\/histoirepourenfant.com\/fr\/#\/schema\/logo\/image\/"},"sameAs":["https:\/\/www.facebook.com\/Imaginaflix\/","https:\/\/www.instagram.com\/imaginaflixstudio\/"]}]}},"_links":{"self":[{"href":"https:\/\/histoirepourenfant.com\/fr\/wp-json\/wp\/v2\/pages\/106375","targetHints":{"allow":["GET"]}}],"collection":[{"href":"https:\/\/histoirepourenfant.com\/fr\/wp-json\/wp\/v2\/pages"}],"about":[{"href":"https:\/\/histoirepourenfant.com\/fr\/wp-json\/wp\/v2\/types\/page"}],"author":[{"embeddable":true,"href":"https:\/\/histoirepourenfant.com\/fr\/wp-json\/wp\/v2\/users\/1"}],"replies":[{"embeddable":true,"href":"https:\/\/histoirepourenfant.com\/fr\/wp-json\/wp\/v2\/comments?post=106375"}],"version-history":[{"count":5,"href":"https:\/\/histoirepourenfant.com\/fr\/wp-json\/wp\/v2\/pages\/106375\/revisions"}],"predecessor-version":[{"id":106438,"href":"https:\/\/histoirepourenfant.com\/fr\/wp-json\/wp\/v2\/pages\/106375\/revisions\/106438"}],"wp:attachment":[{"href":"https:\/\/histoirepourenfant.com\/fr\/wp-json\/wp\/v2\/media?parent=106375"}],"curies":[{"name":"wp","href":"https:\/\/api.w.org\/{rel}","templated":true}]}}