{"id":978,"date":"2024-01-08T22:14:31","date_gmt":"2024-01-08T21:14:31","guid":{"rendered":"https:\/\/histoirepourenfant.com\/fr\/?page_id=978"},"modified":"2024-06-13T13:24:49","modified_gmt":"2024-06-13T11:24:49","slug":"politique-de-confidentialite","status":"publish","type":"page","link":"https:\/\/histoirepourenfant.com\/fr\/politique-de-confidentialite\/","title":{"rendered":"Politique de Confidentialit\u00e9"},"content":{"rendered":"<p>[et_pb_section fb_built=\u00a0\u00bb1&Prime; disabled_on=\u00a0\u00bboff|off|off\u00a0\u00bb _builder_version=\u00a0\u00bb4.21.0&Prime; _module_preset=\u00a0\u00bbdefault\u00a0\u00bb background_color=\u00a0\u00bbRGBA(255,255,255,0)\u00a0\u00bb use_background_color_gradient=\u00a0\u00bbon\u00a0\u00bb background_color_gradient_stops=\u00a0\u00bb#f4c995 0%|#f8e2c8 100%\u00a0\u00bb background_enable_image=\u00a0\u00bboff\u00a0\u00bb background_blend=\u00a0\u00bbdarken\u00a0\u00bb custom_margin=\u00a0\u00bb||||false|false\u00a0\u00bb custom_padding=\u00a0\u00bb100px||||false|false\u00a0\u00bb top_divider_style=\u00a0\u00bbwaves2&Prime; top_divider_color=\u00a0\u00bb#dd8d2e\u00a0\u00bb top_divider_height=\u00a0\u00bb35px\u00a0\u00bb bottom_divider_height=\u00a0\u00bb50px\u00a0\u00bb border_style_all=\u00a0\u00bbnone\u00a0\u00bb collapsed=\u00a0\u00bboff\u00a0\u00bb global_colors_info=\u00a0\u00bb{}\u00a0\u00bb][et_pb_row column_structure=\u00a0\u00bb2_5,3_5&Prime; make_equal=\u00a0\u00bbon\u00a0\u00bb _builder_version=\u00a0\u00bb4.21.0&Prime; _module_preset=\u00a0\u00bbdefault\u00a0\u00bb background_color=\u00a0\u00bbRGBA(255,255,255,0)\u00a0\u00bb custom_margin=\u00a0\u00bb||||false|false\u00a0\u00bb custom_padding=\u00a0\u00bb80px||30px||false|false\u00a0\u00bb animation_style=\u00a0\u00bbfade\u00a0\u00bb global_colors_info=\u00a0\u00bb{}\u00a0\u00bb][et_pb_column type=\u00a0\u00bb2_5&Prime; _builder_version=\u00a0\u00bb4.21.0&Prime; _module_preset=\u00a0\u00bbdefault\u00a0\u00bb global_colors_info=\u00a0\u00bb{}\u00a0\u00bb][et_pb_image src=\u00a0\u00bbhttps:\/\/histoirepourenfant.com\/fr\/wp-content\/uploads\/2024\/06\/r-generique04.png\u00a0\u00bb align=\u00a0\u00bbcenter\u00a0\u00bb _builder_version=\u00a0\u00bb4.21.0&Prime; _module_preset=\u00a0\u00bbdefault\u00a0\u00bb global_colors_info=\u00a0\u00bb{}\u00a0\u00bb][\/et_pb_image][\/et_pb_column][et_pb_column type=\u00a0\u00bb3_5&Prime; _builder_version=\u00a0\u00bb4.21.0&Prime; _module_preset=\u00a0\u00bbdefault\u00a0\u00bb custom_css_main_element=\u00a0\u00bbmargin:auto;\u00a0\u00bb global_colors_info=\u00a0\u00bb{}\u00a0\u00bb][et_pb_text admin_label=\u00a0\u00bbtitre\u00a0\u00bb _builder_version=\u00a0\u00bb4.21.0&Prime; _module_preset=\u00a0\u00bbdefault\u00a0\u00bb text_font=\u00a0\u00bbFira Sans|700|||||||\u00a0\u00bb text_text_color=\u00a0\u00bb#1e1e1e\u00a0\u00bb text_font_size=\u00a0\u00bb40px\u00a0\u00bb text_line_height=\u00a0\u00bb1.4em\u00a0\u00bb text_font_size_tablet=\u00a0\u00bb40px\u00a0\u00bb text_font_size_phone=\u00a0\u00bb30px\u00a0\u00bb text_font_size_last_edited=\u00a0\u00bbon|tablet\u00a0\u00bb global_colors_info=\u00a0\u00bb{}\u00a0\u00bb]<\/p>\n<p>Politique de Confidentialit\u00e9<\/p>\n<p>[\/et_pb_text][et_pb_text _builder_version=\u00a0\u00bb4.21.0&Prime; _module_preset=\u00a0\u00bbdefault\u00a0\u00bb text_font=\u00a0\u00bbRaleway||||||||\u00a0\u00bb text_font_size=\u00a0\u00bb16px\u00a0\u00bb text_line_height=\u00a0\u00bb1.4em\u00a0\u00bb background_enable_color=\u00a0\u00bboff\u00a0\u00bb custom_margin=\u00a0\u00bb||||false|false\u00a0\u00bb custom_padding=\u00a0\u00bb||||false|false\u00a0\u00bb animation_direction=\u00a0\u00bbright\u00a0\u00bb hover_enabled=\u00a0\u00bb0&Prime; border_color_all=\u00a0\u00bbRGBA(255,255,255,0)\u00a0\u00bb border_color_bottom=\u00a0\u00bb#f78300&Prime; border_color_left=\u00a0\u00bb#f78300&Prime; global_colors_info=\u00a0\u00bb{}\u00a0\u00bb sticky_enabled=\u00a0\u00bb0&Prime;]<\/p>\n<p>Votre vie priv\u00e9e est importante pour nous. Cette Politique de Confidentialit\u00e9 vise \u00e0 vous informer sur la mani\u00e8re dont nous collectons, utilisons, prot\u00e9geons et divulguons vos donn\u00e9es personnelles lorsque vous utilisez notre service pour la lecture d&rsquo;ouvrages num\u00e9riques illustr\u00e9s destin\u00e9s \u00e0 la jeunesse. En utilisant notre service, vous acceptez les termes de cette Politique de Confidentialit\u00e9.<\/p>\n<p><strong>1. Collecte de Donn\u00e9es Personnelles<\/strong><\/p>\n<p>Nous collectons les donn\u00e9es personnelles que vous nous fournissez lorsque vous vous inscrivez \u00e0 notre service. Ces donn\u00e9es peuvent inclure, sans s&rsquo;y limiter, les informations suivantes :<\/p>\n<ul>\n<li>Nom et pr\u00e9nom<\/li>\n<li>Adresse e-mail<\/li>\n<\/ul>\n<p><strong>2. Utilisation des Donn\u00e9es Personnelles<\/strong><\/p>\n<p>Nous utilisons vos donn\u00e9es personnelles aux fins suivantes :<\/p>\n<ul>\n<li>Fournir, g\u00e9rer et am\u00e9liorer notre service<\/li>\n<li>Communiquer avec vous concernant le service<\/li>\n<li>R\u00e9pondre \u00e0 vos demandes et pr\u00e9occupations<\/li>\n<li>Personnaliser votre exp\u00e9rience en fonction de vos pr\u00e9f\u00e9rences<\/li>\n<li>Conform\u00e9ment aux lois applicables et pour des besoins de conformit\u00e9 r\u00e9glementaire<\/li>\n<\/ul>\n<p><strong>3. Protection des Donn\u00e9es Personnelles<\/strong><\/p>\n<p>Nous prenons des mesures raisonnables pour prot\u00e9ger vos donn\u00e9es personnelles contre la perte, le vol, l&rsquo;acc\u00e8s non autoris\u00e9, la divulgation, la copie ou la modification. Cela inclut des protocoles de s\u00e9curit\u00e9, des contr\u00f4les d&rsquo;acc\u00e8s et la s\u00e9curisation de nos syst\u00e8mes.<\/p>\n<p><strong>4. Divulgation des Donn\u00e9es Personnelles<\/strong><\/p>\n<p>Nous ne vendons, ne louons pas, ni ne divulguons vos donn\u00e9es personnelles \u00e0 des tiers sans votre consentement explicite, sauf dans les cas suivants :<\/p>\n<ul>\n<li>Lorsque cela est requis par la loi ou pour se conformer \u00e0 une ordonnance judiciaire<\/li>\n<li>Pour prot\u00e9ger nos droits, notre s\u00e9curit\u00e9 ou celle d&rsquo;autrui<\/li>\n<li>Dans le cadre d&rsquo;une fusion, d&rsquo;une acquisition ou d&rsquo;une autre op\u00e9ration d&rsquo;entreprise impliquant notre soci\u00e9t\u00e9, dans laquelle vos donn\u00e9es pourraient \u00eatre transf\u00e9r\u00e9es \u00e0 un tiers<\/li>\n<\/ul>\n<p><strong>5. Vos Choix et Droits<\/strong><\/p>\n<p>Vous avez le droit de mettre \u00e0 jour, corriger ou supprimer vos donn\u00e9es personnelles en acc\u00e9dant \u00e0 votre compte sur notre plateforme. Vous pouvez \u00e9galement demander \u00e0 recevoir une copie de vos donn\u00e9es personnelles en notre possession.<\/p>\n<p><strong>6. Modifications de la Politique de Confidentialit\u00e9<\/strong><\/p>\n<p>Nous nous r\u00e9servons le droit de modifier cette Politique de Confidentialit\u00e9 \u00e0 tout moment. Les modifications seront publi\u00e9es sur notre site web et prendront effet d\u00e8s leur publication.<\/p>\n<p><strong>7. Contact<\/strong><\/p>\n<p>Si vous avez des questions, des pr\u00e9occupations ou des demandes concernant cette Politique de Confidentialit\u00e9, veuillez nous contacter \u00e0 l&rsquo;adresse suivante : imaginaflix.france@gmail.com<\/p>\n<p>[\/et_pb_text][\/et_pb_column][\/et_pb_row][\/et_pb_section]<\/p>\n","protected":false},"excerpt":{"rendered":"<p>Politique de Confidentialit\u00e9Votre vie priv\u00e9e est importante pour nous. Cette Politique de Confidentialit\u00e9 vise \u00e0 vous informer sur la mani\u00e8re dont nous collectons, utilisons, prot\u00e9geons et divulguons vos donn\u00e9es personnelles lorsque vous utilisez notre service pour la lecture d&rsquo;ouvrages num\u00e9riques illustr\u00e9s destin\u00e9s \u00e0 la jeunesse. En utilisant notre service, vous acceptez les termes de cette [&hellip;]<\/p>\n","protected":false},"author":1,"featured_media":0,"parent":0,"menu_order":0,"comment_status":"closed","ping_status":"closed","template":"","meta":{"_et_pb_use_builder":"on","_et_pb_old_content":"","_et_gb_content_width":"","footnotes":""},"class_list":["post-978","page","type-page","status-publish","hentry"],"yoast_head":"<!-- This site is optimized with the Yoast SEO plugin v27.4 - https:\/\/yoast.com\/product\/yoast-seo-wordpress\/ -->\n<title>Politique de Confidentialit\u00e9 - Histoire pour Enfant<\/title>\n<meta name=\"robots\" content=\"noindex, nofollow\" \/>\n<meta property=\"og:locale\" content=\"fr_FR\" \/>\n<meta property=\"og:type\" content=\"article\" \/>\n<meta property=\"og:title\" content=\"Politique de Confidentialit\u00e9 - Histoire pour Enfant\" \/>\n<meta property=\"og:description\" content=\"Politique de Confidentialit\u00e9Votre vie priv\u00e9e est importante pour nous. Cette Politique de Confidentialit\u00e9 vise \u00e0 vous informer sur la mani\u00e8re dont nous collectons, utilisons, prot\u00e9geons et divulguons vos donn\u00e9es personnelles lorsque vous utilisez notre service pour la lecture d&#039;ouvrages num\u00e9riques illustr\u00e9s destin\u00e9s \u00e0 la jeunesse. En utilisant notre service, vous acceptez les termes de cette [&hellip;]\" \/>\n<meta property=\"og:url\" content=\"https:\/\/histoirepourenfant.com\/fr\/politique-de-confidentialite\/\" \/>\n<meta property=\"og:site_name\" content=\"Histoire pour Enfant\" \/>\n<meta property=\"article:publisher\" content=\"https:\/\/www.facebook.com\/Imaginaflix\/\" \/>\n<meta property=\"article:modified_time\" content=\"2024-06-13T11:24:49+00:00\" \/>\n<meta property=\"og:image\" content=\"https:\/\/histoirepourenfant.com\/fr\/wp-content\/uploads\/2023\/05\/cropped-ico-papillon.png\" \/>\n\t<meta property=\"og:image:width\" content=\"512\" \/>\n\t<meta property=\"og:image:height\" content=\"512\" \/>\n\t<meta property=\"og:image:type\" content=\"image\/png\" \/>\n<meta name=\"twitter:card\" content=\"summary_large_image\" \/>\n<meta name=\"twitter:label1\" content=\"Dur\u00e9e de lecture estim\u00e9e\" \/>\n\t<meta name=\"twitter:data1\" content=\"3 minutes\" \/>\n<script type=\"application\/ld+json\" class=\"yoast-schema-graph\">{\"@context\":\"https:\\\/\\\/schema.org\",\"@graph\":[{\"@type\":\"WebPage\",\"@id\":\"https:\\\/\\\/histoirepourenfant.com\\\/fr\\\/politique-de-confidentialite\\\/\",\"url\":\"https:\\\/\\\/histoirepourenfant.com\\\/fr\\\/politique-de-confidentialite\\\/\",\"name\":\"Politique de Confidentialit\u00e9 - Histoire pour Enfant\",\"isPartOf\":{\"@id\":\"https:\\\/\\\/histoirepourenfant.com\\\/fr\\\/#website\"},\"datePublished\":\"2024-01-08T21:14:31+00:00\",\"dateModified\":\"2024-06-13T11:24:49+00:00\",\"breadcrumb\":{\"@id\":\"https:\\\/\\\/histoirepourenfant.com\\\/fr\\\/politique-de-confidentialite\\\/#breadcrumb\"},\"inLanguage\":\"fr-FR\",\"potentialAction\":[{\"@type\":\"ReadAction\",\"target\":[\"https:\\\/\\\/histoirepourenfant.com\\\/fr\\\/politique-de-confidentialite\\\/\"]}]},{\"@type\":\"BreadcrumbList\",\"@id\":\"https:\\\/\\\/histoirepourenfant.com\\\/fr\\\/politique-de-confidentialite\\\/#breadcrumb\",\"itemListElement\":[{\"@type\":\"ListItem\",\"position\":1,\"name\":\"Accueil\",\"item\":\"https:\\\/\\\/histoirepourenfant.com\\\/fr\\\/\"},{\"@type\":\"ListItem\",\"position\":2,\"name\":\"Politique de Confidentialit\u00e9\"}]},{\"@type\":\"WebSite\",\"@id\":\"https:\\\/\\\/histoirepourenfant.com\\\/fr\\\/#website\",\"url\":\"https:\\\/\\\/histoirepourenfant.com\\\/fr\\\/\",\"name\":\"Histoire pour Enfant\",\"description\":\"Biblioth\u00e8que num\u00e9rique de livres illustr\u00e9s pour enfant d\u00e8s 6 ans\",\"publisher\":{\"@id\":\"https:\\\/\\\/histoirepourenfant.com\\\/fr\\\/#organization\"},\"potentialAction\":[{\"@type\":\"SearchAction\",\"target\":{\"@type\":\"EntryPoint\",\"urlTemplate\":\"https:\\\/\\\/histoirepourenfant.com\\\/fr\\\/?s={search_term_string}\"},\"query-input\":{\"@type\":\"PropertyValueSpecification\",\"valueRequired\":true,\"valueName\":\"search_term_string\"}}],\"inLanguage\":\"fr-FR\"},{\"@type\":\"Organization\",\"@id\":\"https:\\\/\\\/histoirepourenfant.com\\\/fr\\\/#organization\",\"name\":\"ImaginaFlix Studio\",\"url\":\"https:\\\/\\\/histoirepourenfant.com\\\/fr\\\/\",\"logo\":{\"@type\":\"ImageObject\",\"inLanguage\":\"fr-FR\",\"@id\":\"https:\\\/\\\/histoirepourenfant.com\\\/fr\\\/#\\\/schema\\\/logo\\\/image\\\/\",\"url\":\"https:\\\/\\\/histoirepourenfant.com\\\/fr\\\/wp-content\\\/uploads\\\/2023\\\/05\\\/cropped-ico-papillon.png\",\"contentUrl\":\"https:\\\/\\\/histoirepourenfant.com\\\/fr\\\/wp-content\\\/uploads\\\/2023\\\/05\\\/cropped-ico-papillon.png\",\"width\":512,\"height\":512,\"caption\":\"ImaginaFlix Studio\"},\"image\":{\"@id\":\"https:\\\/\\\/histoirepourenfant.com\\\/fr\\\/#\\\/schema\\\/logo\\\/image\\\/\"},\"sameAs\":[\"https:\\\/\\\/www.facebook.com\\\/Imaginaflix\\\/\",\"https:\\\/\\\/www.instagram.com\\\/imaginaflixstudio\\\/\"]}]}<\/script>\n<!-- \/ Yoast SEO plugin. -->","yoast_head_json":{"title":"Politique de Confidentialit\u00e9 - Histoire pour Enfant","robots":{"index":"noindex","follow":"nofollow"},"og_locale":"fr_FR","og_type":"article","og_title":"Politique de Confidentialit\u00e9 - Histoire pour Enfant","og_description":"Politique de Confidentialit\u00e9Votre vie priv\u00e9e est importante pour nous. Cette Politique de Confidentialit\u00e9 vise \u00e0 vous informer sur la mani\u00e8re dont nous collectons, utilisons, prot\u00e9geons et divulguons vos donn\u00e9es personnelles lorsque vous utilisez notre service pour la lecture d'ouvrages num\u00e9riques illustr\u00e9s destin\u00e9s \u00e0 la jeunesse. En utilisant notre service, vous acceptez les termes de cette [&hellip;]","og_url":"https:\/\/histoirepourenfant.com\/fr\/politique-de-confidentialite\/","og_site_name":"Histoire pour Enfant","article_publisher":"https:\/\/www.facebook.com\/Imaginaflix\/","article_modified_time":"2024-06-13T11:24:49+00:00","og_image":[{"width":512,"height":512,"url":"https:\/\/histoirepourenfant.com\/fr\/wp-content\/uploads\/2023\/05\/cropped-ico-papillon.png","type":"image\/png"}],"twitter_card":"summary_large_image","twitter_misc":{"Dur\u00e9e de lecture estim\u00e9e":"3 minutes"},"schema":{"@context":"https:\/\/schema.org","@graph":[{"@type":"WebPage","@id":"https:\/\/histoirepourenfant.com\/fr\/politique-de-confidentialite\/","url":"https:\/\/histoirepourenfant.com\/fr\/politique-de-confidentialite\/","name":"Politique de Confidentialit\u00e9 - Histoire pour Enfant","isPartOf":{"@id":"https:\/\/histoirepourenfant.com\/fr\/#website"},"datePublished":"2024-01-08T21:14:31+00:00","dateModified":"2024-06-13T11:24:49+00:00","breadcrumb":{"@id":"https:\/\/histoirepourenfant.com\/fr\/politique-de-confidentialite\/#breadcrumb"},"inLanguage":"fr-FR","potentialAction":[{"@type":"ReadAction","target":["https:\/\/histoirepourenfant.com\/fr\/politique-de-confidentialite\/"]}]},{"@type":"BreadcrumbList","@id":"https:\/\/histoirepourenfant.com\/fr\/politique-de-confidentialite\/#breadcrumb","itemListElement":[{"@type":"ListItem","position":1,"name":"Accueil","item":"https:\/\/histoirepourenfant.com\/fr\/"},{"@type":"ListItem","position":2,"name":"Politique de Confidentialit\u00e9"}]},{"@type":"WebSite","@id":"https:\/\/histoirepourenfant.com\/fr\/#website","url":"https:\/\/histoirepourenfant.com\/fr\/","name":"Histoire pour Enfant","description":"Biblioth\u00e8que num\u00e9rique de livres illustr\u00e9s pour enfant d\u00e8s 6 ans","publisher":{"@id":"https:\/\/histoirepourenfant.com\/fr\/#organization"},"potentialAction":[{"@type":"SearchAction","target":{"@type":"EntryPoint","urlTemplate":"https:\/\/histoirepourenfant.com\/fr\/?s={search_term_string}"},"query-input":{"@type":"PropertyValueSpecification","valueRequired":true,"valueName":"search_term_string"}}],"inLanguage":"fr-FR"},{"@type":"Organization","@id":"https:\/\/histoirepourenfant.com\/fr\/#organization","name":"ImaginaFlix Studio","url":"https:\/\/histoirepourenfant.com\/fr\/","logo":{"@type":"ImageObject","inLanguage":"fr-FR","@id":"https:\/\/histoirepourenfant.com\/fr\/#\/schema\/logo\/image\/","url":"https:\/\/histoirepourenfant.com\/fr\/wp-content\/uploads\/2023\/05\/cropped-ico-papillon.png","contentUrl":"https:\/\/histoirepourenfant.com\/fr\/wp-content\/uploads\/2023\/05\/cropped-ico-papillon.png","width":512,"height":512,"caption":"ImaginaFlix Studio"},"image":{"@id":"https:\/\/histoirepourenfant.com\/fr\/#\/schema\/logo\/image\/"},"sameAs":["https:\/\/www.facebook.com\/Imaginaflix\/","https:\/\/www.instagram.com\/imaginaflixstudio\/"]}]}},"_links":{"self":[{"href":"https:\/\/histoirepourenfant.com\/fr\/wp-json\/wp\/v2\/pages\/978","targetHints":{"allow":["GET"]}}],"collection":[{"href":"https:\/\/histoirepourenfant.com\/fr\/wp-json\/wp\/v2\/pages"}],"about":[{"href":"https:\/\/histoirepourenfant.com\/fr\/wp-json\/wp\/v2\/types\/page"}],"author":[{"embeddable":true,"href":"https:\/\/histoirepourenfant.com\/fr\/wp-json\/wp\/v2\/users\/1"}],"replies":[{"embeddable":true,"href":"https:\/\/histoirepourenfant.com\/fr\/wp-json\/wp\/v2\/comments?post=978"}],"version-history":[{"count":21,"href":"https:\/\/histoirepourenfant.com\/fr\/wp-json\/wp\/v2\/pages\/978\/revisions"}],"predecessor-version":[{"id":105726,"href":"https:\/\/histoirepourenfant.com\/fr\/wp-json\/wp\/v2\/pages\/978\/revisions\/105726"}],"wp:attachment":[{"href":"https:\/\/histoirepourenfant.com\/fr\/wp-json\/wp\/v2\/media?parent=978"}],"curies":[{"name":"wp","href":"https:\/\/api.w.org\/{rel}","templated":true}]}}